{"id":13,"date":"2020-10-26T18:45:29","date_gmt":"2020-10-26T18:45:29","guid":{"rendered":"http:\/\/fundacionkami.org\/?page_id=13"},"modified":"2022-06-28T15:03:10","modified_gmt":"2022-06-28T15:03:10","slug":"about","status":"publish","type":"page","link":"https:\/\/fundacionkami.org\/index.php\/about\/","title":{"rendered":"Qui\u00e9nes Somos"},"content":{"rendered":"\t\t<div data-elementor-type=\"wp-page\" data-elementor-id=\"13\" class=\"elementor elementor-13\" data-elementor-post-type=\"page\">\n\t\t\t\t\t\t<section class=\"elementor-section elementor-top-section elementor-element elementor-element-26de5a3 elementor-hidden-phone elementor-section-boxed elementor-section-height-default elementor-section-height-default\" data-id=\"26de5a3\" data-element_type=\"section\" data-e-type=\"section\">\n\t\t\t\t\t\t<div class=\"elementor-container elementor-column-gap-default\">\n\t\t\t\t\t<div class=\"elementor-column elementor-col-33 elementor-top-column elementor-element elementor-element-785039a\" data-id=\"785039a\" data-element_type=\"column\" data-e-type=\"column\">\n\t\t\t<div class=\"elementor-widget-wrap elementor-element-populated\">\n\t\t\t\t\t\t\t<\/div>\n\t\t<\/div>\n\t\t\t\t<div class=\"elementor-column elementor-col-33 elementor-top-column elementor-element elementor-element-8d7b15c\" data-id=\"8d7b15c\" data-element_type=\"column\" data-e-type=\"column\">\n\t\t\t<div class=\"elementor-widget-wrap\">\n\t\t\t\t\t\t\t<\/div>\n\t\t<\/div>\n\t\t\t\t<div class=\"elementor-column elementor-col-33 elementor-top-column elementor-element elementor-element-3432915\" data-id=\"3432915\" data-element_type=\"column\" data-e-type=\"column\">\n\t\t\t<div class=\"elementor-widget-wrap elementor-element-populated\">\n\t\t\t\t\t\t<div class=\"elementor-element elementor-element-b10fd41 elementor-widget elementor-widget-html\" data-id=\"b10fd41\" data-element_type=\"widget\" data-e-type=\"widget\" data-widget_type=\"html.default\">\n\t\t\t\t\t<a href=\"http:\/\/fundacionkami.org\/index.php\/donar\/\" class=\"rainbow-button\" target=\"blank_\" alt=\"DONAR\"><\/a>\t\t\t\t<\/div>\n\t\t\t\t\t<\/div>\n\t\t<\/div>\n\t\t\t\t\t<\/div>\n\t\t<\/section>\n\t\t\t\t<section class=\"elementor-section elementor-top-section elementor-element elementor-element-a77a6c0 elementor-hidden-desktop elementor-section-boxed elementor-section-height-default elementor-section-height-default\" data-id=\"a77a6c0\" data-element_type=\"section\" data-e-type=\"section\">\n\t\t\t\t\t\t<div class=\"elementor-container elementor-column-gap-default\">\n\t\t\t\t\t<div class=\"elementor-column elementor-col-100 elementor-top-column elementor-element elementor-element-cee282b\" data-id=\"cee282b\" data-element_type=\"column\" data-e-type=\"column\">\n\t\t\t<div class=\"elementor-widget-wrap elementor-element-populated\">\n\t\t\t\t\t\t<div class=\"elementor-element elementor-element-68c54c0 elementor-widget elementor-widget-html\" data-id=\"68c54c0\" data-element_type=\"widget\" data-e-type=\"widget\" data-widget_type=\"html.default\">\n\t\t\t\t\t<a href=\"http:\/\/fundacionkami.org\/index.php\/donar\/\" class=\"rainbow-button2\" target=\"blank_\" alt=\"DONAR\"><\/a>\t\t\t\t<\/div>\n\t\t\t\t\t<\/div>\n\t\t<\/div>\n\t\t\t\t\t<\/div>\n\t\t<\/section>\n\t\t\t\t<section class=\"elementor-section elementor-top-section elementor-element elementor-element-a78b5c6 elementor-section-boxed elementor-section-height-default elementor-section-height-default\" data-id=\"a78b5c6\" data-element_type=\"section\" data-e-type=\"section\">\n\t\t\t\t\t\t<div class=\"elementor-container elementor-column-gap-default\">\n\t\t\t\t\t<div class=\"elementor-column elementor-col-100 elementor-top-column elementor-element elementor-element-2587277\" data-id=\"2587277\" data-element_type=\"column\" data-e-type=\"column\">\n\t\t\t<div class=\"elementor-widget-wrap elementor-element-populated\">\n\t\t\t\t\t\t<div class=\"elementor-element elementor-element-a07dc64 elementor-widget elementor-widget-text-editor\" data-id=\"a07dc64\" data-element_type=\"widget\" data-e-type=\"widget\" data-widget_type=\"text-editor.default\">\n\t\t\t\t\t\t\t\t\t<p>Somos una Asociaci\u00f3n Civil sin fines de lucro creada ante la firme convicci\u00f3n de sus socios fundadores para contribuir en el sano desarrollo de personas, sectores y regiones que se encuentran en situaci\u00f3n de vulnerabilidad ya sea f\u00edsica, social, econ\u00f3mica, cultural o ecol\u00f3gica; comprometi\u00e9ndonos con la difusi\u00f3n, respeto y ejercicio de los Derechos Humanos y ambientales desde la perspectiva de la resiliencia.<\/p>\t\t\t\t\t\t\t\t<\/div>\n\t\t\t\t\t<\/div>\n\t\t<\/div>\n\t\t\t\t\t<\/div>\n\t\t<\/section>\n\t\t\t\t<section class=\"elementor-section elementor-top-section elementor-element elementor-element-a0f831b elementor-section-boxed elementor-section-height-default elementor-section-height-default\" data-id=\"a0f831b\" data-element_type=\"section\" data-e-type=\"section\">\n\t\t\t\t\t\t<div class=\"elementor-container elementor-column-gap-default\">\n\t\t\t\t\t<div class=\"elementor-column elementor-col-50 elementor-top-column elementor-element elementor-element-29d885e\" data-id=\"29d885e\" data-element_type=\"column\" data-e-type=\"column\">\n\t\t\t<div class=\"elementor-widget-wrap elementor-element-populated\">\n\t\t\t\t\t\t<div class=\"elementor-element elementor-element-cd66605 elementor-widget elementor-widget-heading\" data-id=\"cd66605\" data-element_type=\"widget\" data-e-type=\"widget\" data-widget_type=\"heading.default\">\n\t\t\t\t\t<h2 class=\"elementor-heading-title elementor-size-default\"><span style=\", sans-serif;font-weight: var( --e-global-typography-primary-font-weight );text-align: center\">Misi\u00f3n<\/span><\/h2>\t\t\t\t<\/div>\n\t\t\t\t<div class=\"elementor-element elementor-element-e04346c elementor-widget elementor-widget-text-editor\" data-id=\"e04346c\" data-element_type=\"widget\" data-e-type=\"widget\" data-widget_type=\"text-editor.default\">\n\t\t\t\t\t\t\t\t\t<p>Contribuir al desarrollo integral, ejercicio y respeto de los derechos humanos de las personas y comunidades en situaci\u00f3n de vulnerabilidad mediante atenci\u00f3n multidisciplinaria especializada, logrando su empoderamiento al potencializar sus conocimientos, capacidades y habilidades; as\u00ed como del aprovechamiento de los diversos \u00e1mbitos y recursos con los que interact\u00faan, permiti\u00e9ndoles acceder a una mejor calidad de vida y alimenticia; lo anterior con perspectiva centrada en el desarrollo de los factores que facilitan la resiliencia personal y comunitaria; as\u00ed mismo comprometidos con el medio ambiente.<\/p>\t\t\t\t\t\t\t\t<\/div>\n\t\t\t\t\t<\/div>\n\t\t<\/div>\n\t\t\t\t<div class=\"elementor-column elementor-col-50 elementor-top-column elementor-element elementor-element-78534de\" data-id=\"78534de\" data-element_type=\"column\" data-e-type=\"column\">\n\t\t\t<div class=\"elementor-widget-wrap elementor-element-populated\">\n\t\t\t\t\t\t<div class=\"elementor-element elementor-element-a52c3ac elementor-widget elementor-widget-heading\" data-id=\"a52c3ac\" data-element_type=\"widget\" data-e-type=\"widget\" data-widget_type=\"heading.default\">\n\t\t\t\t\t<h2 class=\"elementor-heading-title elementor-size-default\"><span style=\", sans-serif;font-weight: var( --e-global-typography-primary-font-weight );text-align: center\">Visi\u00f3n Institucional:<\/span><\/h2>\t\t\t\t<\/div>\n\t\t\t\t<div class=\"elementor-element elementor-element-65d6d38 elementor-widget elementor-widget-text-editor\" data-id=\"65d6d38\" data-element_type=\"widget\" data-e-type=\"widget\" data-widget_type=\"text-editor.default\">\n\t\t\t\t\t\t\t\t\t<p>Consolidarnos como Instituci\u00f3n modelo a nivel nacional en la atenci\u00f3n integral a personas, grupos vulnerables, comunidades e instituciones, fomentando la resiliencia a partir de brindar servicios para el fomento de la salud integral, el desarrollo de competencias y habilidades para una mejor calidad de vida, a trav\u00e9s de un enfoque interdisciplinario y enmarcado en el respeto irrestricto a los Derechos Humanos.<\/p>\t\t\t\t\t\t\t\t<\/div>\n\t\t\t\t\t<\/div>\n\t\t<\/div>\n\t\t\t\t\t<\/div>\n\t\t<\/section>\n\t\t\t\t<section class=\"elementor-section elementor-top-section elementor-element elementor-element-3a08890 elementor-section-boxed elementor-section-height-default elementor-section-height-default\" data-id=\"3a08890\" data-element_type=\"section\" data-e-type=\"section\">\n\t\t\t\t\t\t<div class=\"elementor-container elementor-column-gap-default\">\n\t\t\t\t\t<div class=\"elementor-column elementor-col-100 elementor-top-column elementor-element elementor-element-9addad6\" data-id=\"9addad6\" data-element_type=\"column\" data-e-type=\"column\">\n\t\t\t<div class=\"elementor-widget-wrap elementor-element-populated\">\n\t\t\t\t\t\t<div class=\"elementor-element elementor-element-138a387 elementor-widget elementor-widget-heading\" data-id=\"138a387\" data-element_type=\"widget\" data-e-type=\"widget\" data-widget_type=\"heading.default\">\n\t\t\t\t\t<h2 class=\"elementor-heading-title elementor-size-default\"><h2 data-elementor-setting-key=\"title\" data-pen-placeholder=\"Teclea aqu\u00ed...\" style=\"font-family: var( --e-global-typography-primary-font-family ), Sans-serif;font-weight: var( --e-global-typography-primary-font-weight );text-align: center\"><span style=\", sans-serif\">Valores<\/span><\/h2><\/h2>\t\t\t\t<\/div>\n\t\t\t\t\t<\/div>\n\t\t<\/div>\n\t\t\t\t\t<\/div>\n\t\t<\/section>\n\t\t\t\t<section class=\"elementor-section elementor-top-section elementor-element elementor-element-989ee9c elementor-section-boxed elementor-section-height-default elementor-section-height-default\" data-id=\"989ee9c\" data-element_type=\"section\" data-e-type=\"section\">\n\t\t\t\t\t\t<div class=\"elementor-container elementor-column-gap-default\">\n\t\t\t\t\t<div class=\"elementor-column elementor-col-50 elementor-top-column elementor-element elementor-element-5ea9eba\" data-id=\"5ea9eba\" data-element_type=\"column\" data-e-type=\"column\">\n\t\t\t<div class=\"elementor-widget-wrap elementor-element-populated\">\n\t\t\t\t\t\t<div class=\"elementor-element elementor-element-4e62ae2 elementor-widget elementor-widget-text-editor\" data-id=\"4e62ae2\" data-element_type=\"widget\" data-e-type=\"widget\" data-widget_type=\"text-editor.default\">\n\t\t\t\t\t\t\t\t\t<ul><li>Solidaridad.<\/li><li>Responsabilidad.<\/li><li>Orientaci\u00f3n a la persona usuaria.<\/li><li>Respeto.<\/li><li>Honestidad.<\/li><\/ul>\t\t\t\t\t\t\t\t<\/div>\n\t\t\t\t\t<\/div>\n\t\t<\/div>\n\t\t\t\t<div class=\"elementor-column elementor-col-50 elementor-top-column elementor-element elementor-element-b6f04ce\" data-id=\"b6f04ce\" data-element_type=\"column\" data-e-type=\"column\">\n\t\t\t<div class=\"elementor-widget-wrap elementor-element-populated\">\n\t\t\t\t\t\t<div class=\"elementor-element elementor-element-1cfbb81 elementor-widget elementor-widget-text-editor\" data-id=\"1cfbb81\" data-element_type=\"widget\" data-e-type=\"widget\" data-widget_type=\"text-editor.default\">\n\t\t\t\t\t\t\t\t\t<ul><li>No discriminaci\u00f3n.<\/li><li>Igualdad.<\/li><li>Transparencia y rendici\u00f3n de cuentas a donadores y beneficiarios.<\/li><\/ul>\t\t\t\t\t\t\t\t<\/div>\n\t\t\t\t\t<\/div>\n\t\t<\/div>\n\t\t\t\t\t<\/div>\n\t\t<\/section>\n\t\t\t\t<\/div>\n\t\t","protected":false},"excerpt":{"rendered":"<p>Somos una Asociaci\u00f3n Civil sin fines de lucro creada ante la firme convicci\u00f3n de sus socios fundadores para contribuir en el sano desarrollo de personas, sectores y regiones que se encuentran en situaci\u00f3n de vulnerabilidad ya sea f\u00edsica, social, econ\u00f3mica, cultural o ecol\u00f3gica; comprometi\u00e9ndonos con la difusi\u00f3n, respeto y ejercicio de los Derechos Humanos y [&hellip;]<\/p>\n","protected":false},"author":1,"featured_media":0,"parent":0,"menu_order":0,"comment_status":"closed","ping_status":"closed","template":"","meta":{"footnotes":""},"class_list":["post-13","page","type-page","status-publish","hentry"],"wpmagazine_modules_lite_featured_media_urls":{"thumbnail":"","cvmm-medium":"","cvmm-medium-plus":"","cvmm-portrait":"","cvmm-medium-square":"","cvmm-large":"","cvmm-small":"","full":""},"categories_names":null,"comments_number":"0","jetpack_sharing_enabled":true,"_links":{"self":[{"href":"https:\/\/fundacionkami.org\/index.php\/wp-json\/wp\/v2\/pages\/13","targetHints":{"allow":["GET"]}}],"collection":[{"href":"https:\/\/fundacionkami.org\/index.php\/wp-json\/wp\/v2\/pages"}],"about":[{"href":"https:\/\/fundacionkami.org\/index.php\/wp-json\/wp\/v2\/types\/page"}],"author":[{"embeddable":true,"href":"https:\/\/fundacionkami.org\/index.php\/wp-json\/wp\/v2\/users\/1"}],"replies":[{"embeddable":true,"href":"https:\/\/fundacionkami.org\/index.php\/wp-json\/wp\/v2\/comments?post=13"}],"version-history":[{"count":71,"href":"https:\/\/fundacionkami.org\/index.php\/wp-json\/wp\/v2\/pages\/13\/revisions"}],"predecessor-version":[{"id":1836,"href":"https:\/\/fundacionkami.org\/index.php\/wp-json\/wp\/v2\/pages\/13\/revisions\/1836"}],"wp:attachment":[{"href":"https:\/\/fundacionkami.org\/index.php\/wp-json\/wp\/v2\/media?parent=13"}],"curies":[{"name":"wp","href":"https:\/\/api.w.org\/{rel}","templated":true}]}}