{"id":421,"date":"2021-08-04T15:54:33","date_gmt":"2021-08-04T15:54:33","guid":{"rendered":"https:\/\/fundacionkami.org\/?page_id=421"},"modified":"2022-06-27T18:08:44","modified_gmt":"2022-06-27T18:08:44","slug":"elementor-421","status":"publish","type":"page","link":"https:\/\/fundacionkami.org\/index.php\/elementor-421\/","title":{"rendered":"Programas  Sociales"},"content":{"rendered":"\t\t<div data-elementor-type=\"wp-page\" data-elementor-id=\"421\" class=\"elementor elementor-421\" data-elementor-post-type=\"page\">\n\t\t\t\t\t\t<section class=\"elementor-section elementor-top-section elementor-element elementor-element-2b8f5b2 elementor-hidden-desktop elementor-section-boxed elementor-section-height-default elementor-section-height-default\" data-id=\"2b8f5b2\" data-element_type=\"section\" data-e-type=\"section\">\n\t\t\t\t\t\t<div class=\"elementor-container elementor-column-gap-default\">\n\t\t\t\t\t<div class=\"elementor-column elementor-col-100 elementor-top-column elementor-element elementor-element-15e0eff\" data-id=\"15e0eff\" data-element_type=\"column\" data-e-type=\"column\">\n\t\t\t<div class=\"elementor-widget-wrap elementor-element-populated\">\n\t\t\t\t\t\t<div class=\"elementor-element elementor-element-58c274c elementor-widget elementor-widget-html\" data-id=\"58c274c\" data-element_type=\"widget\" data-e-type=\"widget\" data-widget_type=\"html.default\">\n\t\t\t\t\t<a href=\"http:\/\/fundacionkami.org\/index.php\/donar\/\" class=\"rainbow-button2\" target=\"blank_\" alt=\"DONAR\"><\/a>\t\t\t\t<\/div>\n\t\t\t\t\t<\/div>\n\t\t<\/div>\n\t\t\t\t\t<\/div>\n\t\t<\/section>\n\t\t\t\t<section class=\"elementor-section elementor-top-section elementor-element elementor-element-cec8cc5 elementor-hidden-phone elementor-section-boxed elementor-section-height-default elementor-section-height-default\" data-id=\"cec8cc5\" data-element_type=\"section\" data-e-type=\"section\">\n\t\t\t\t\t\t<div class=\"elementor-container elementor-column-gap-default\">\n\t\t\t\t\t<div class=\"elementor-column elementor-col-33 elementor-top-column elementor-element elementor-element-44a6872\" data-id=\"44a6872\" data-element_type=\"column\" data-e-type=\"column\">\n\t\t\t<div class=\"elementor-widget-wrap elementor-element-populated\">\n\t\t\t\t\t\t\t<\/div>\n\t\t<\/div>\n\t\t\t\t<div class=\"elementor-column elementor-col-33 elementor-top-column elementor-element elementor-element-3d9197d\" data-id=\"3d9197d\" data-element_type=\"column\" data-e-type=\"column\">\n\t\t\t<div class=\"elementor-widget-wrap\">\n\t\t\t\t\t\t\t<\/div>\n\t\t<\/div>\n\t\t\t\t<div class=\"elementor-column elementor-col-33 elementor-top-column elementor-element elementor-element-0753b35\" data-id=\"0753b35\" data-element_type=\"column\" data-e-type=\"column\">\n\t\t\t<div class=\"elementor-widget-wrap elementor-element-populated\">\n\t\t\t\t\t\t<div class=\"elementor-element elementor-element-7fa2fe8 elementor-widget elementor-widget-html\" data-id=\"7fa2fe8\" data-element_type=\"widget\" data-e-type=\"widget\" data-widget_type=\"html.default\">\n\t\t\t\t\t<a href=\"http:\/\/fundacionkami.org\/index.php\/donar\/\" class=\"rainbow-button\" target=\"blank_\" alt=\"DONAR\"><\/a>\t\t\t\t<\/div>\n\t\t\t\t\t<\/div>\n\t\t<\/div>\n\t\t\t\t\t<\/div>\n\t\t<\/section>\n\t\t\t\t<section class=\"elementor-section elementor-top-section elementor-element elementor-element-a9ca88e elementor-section-boxed elementor-section-height-default elementor-section-height-default\" data-id=\"a9ca88e\" data-element_type=\"section\" data-e-type=\"section\">\n\t\t\t\t\t\t<div class=\"elementor-container elementor-column-gap-default\">\n\t\t\t\t\t<div class=\"elementor-column elementor-col-100 elementor-top-column elementor-element elementor-element-7e0ad5a\" data-id=\"7e0ad5a\" data-element_type=\"column\" data-e-type=\"column\">\n\t\t\t<div class=\"elementor-widget-wrap elementor-element-populated\">\n\t\t\t\t\t\t<div class=\"elementor-element elementor-element-e37d3e6 elementor-widget elementor-widget-heading\" data-id=\"e37d3e6\" data-element_type=\"widget\" data-e-type=\"widget\" data-widget_type=\"heading.default\">\n\t\t\t\t\t<h2 class=\"elementor-heading-title elementor-size-default\">Mejoramiento a la Vivienda<\/h2>\t\t\t\t<\/div>\n\t\t\t\t<div class=\"elementor-element elementor-element-e647ec9 elementor-widget elementor-widget-heading\" data-id=\"e647ec9\" data-element_type=\"widget\" data-e-type=\"widget\" data-widget_type=\"heading.default\">\n\t\t\t\t\t<h2 class=\"elementor-heading-title elementor-size-default\">Objetivo General<\/h2>\t\t\t\t<\/div>\n\t\t\t\t<div class=\"elementor-element elementor-element-b195789 elementor-widget elementor-widget-heading\" data-id=\"b195789\" data-element_type=\"widget\" data-e-type=\"widget\" data-widget_type=\"heading.default\">\n\t\t\t\t\t<h2 class=\"elementor-heading-title elementor-size-default\">El Programa, tiene como objetivo general atender y ayudar a la poblaci\u00f3n en situaci\u00f3n de pobreza y vulnerabilidad, que presenten niveles de alto rezago social y marginaci\u00f3n y con bajos ingresos; implementando como acci\u00f3n base de este programa, el suministro y colocaci\u00f3n de un calentador solar, tinaco, bomba hidroel\u00e9ctrica, y p\u00e1neles solares.<\/h2>\t\t\t\t<\/div>\n\t\t\t\t<div class=\"elementor-element elementor-element-f4ee6b7 elementor-widget elementor-widget-image\" data-id=\"f4ee6b7\" data-element_type=\"widget\" data-e-type=\"widget\" data-widget_type=\"image.default\">\n\t\t\t\t\t\t\t\t\t\t\t\t\t\t\t<img decoding=\"async\" src=\"https:\/\/fundacionkami.org\/wp-content\/uploads\/2021\/08\/icono-nueva-casa.png\" title=\"icono-nueva-casa\" alt=\"icono-nueva-casa\" loading=\"lazy\" \/>\t\t\t\t\t\t\t\t\t\t\t\t\t\t\t<\/div>\n\t\t\t\t\t<\/div>\n\t\t<\/div>\n\t\t\t\t\t<\/div>\n\t\t<\/section>\n\t\t\t\t<section class=\"elementor-section elementor-top-section elementor-element elementor-element-90eb842 elementor-section-boxed elementor-section-height-default elementor-section-height-default\" data-id=\"90eb842\" data-element_type=\"section\" data-e-type=\"section\">\n\t\t\t\t\t\t<div class=\"elementor-container elementor-column-gap-default\">\n\t\t\t\t\t<div class=\"elementor-column elementor-col-100 elementor-top-column elementor-element elementor-element-1d08147\" data-id=\"1d08147\" data-element_type=\"column\" data-e-type=\"column\">\n\t\t\t<div class=\"elementor-widget-wrap elementor-element-populated\">\n\t\t\t\t\t\t<div class=\"elementor-element elementor-element-5741adb elementor-widget elementor-widget-heading\" data-id=\"5741adb\" data-element_type=\"widget\" data-e-type=\"widget\" data-widget_type=\"heading.default\">\n\t\t\t\t\t<h2 class=\"elementor-heading-title elementor-size-default\">.<\/h2>\t\t\t\t<\/div>\n\t\t\t\t\t<\/div>\n\t\t<\/div>\n\t\t\t\t\t<\/div>\n\t\t<\/section>\n\t\t\t\t<section class=\"elementor-section elementor-top-section elementor-element elementor-element-76f8c0d elementor-section-boxed elementor-section-height-default elementor-section-height-default\" data-id=\"76f8c0d\" data-element_type=\"section\" data-e-type=\"section\">\n\t\t\t\t\t\t<div class=\"elementor-container elementor-column-gap-default\">\n\t\t\t\t\t<div class=\"elementor-column elementor-col-100 elementor-top-column elementor-element elementor-element-b31c0f3\" data-id=\"b31c0f3\" data-element_type=\"column\" data-e-type=\"column\">\n\t\t\t<div class=\"elementor-widget-wrap elementor-element-populated\">\n\t\t\t\t\t\t<div class=\"elementor-element elementor-element-e37d7a4 elementor-widget elementor-widget-heading\" data-id=\"e37d7a4\" data-element_type=\"widget\" data-e-type=\"widget\" data-widget_type=\"heading.default\">\n\t\t\t\t\t<h2 class=\"elementor-heading-title elementor-size-default\">Banco de Alimentos<\/h2>\t\t\t\t<\/div>\n\t\t\t\t<div class=\"elementor-element elementor-element-8c366db elementor-widget elementor-widget-heading\" data-id=\"8c366db\" data-element_type=\"widget\" data-e-type=\"widget\" data-widget_type=\"heading.default\">\n\t\t\t\t\t<h2 class=\"elementor-heading-title elementor-size-default\">Objetivo General<\/h2>\t\t\t\t<\/div>\n\t\t\t\t<div class=\"elementor-element elementor-element-323dd6b elementor-widget elementor-widget-heading\" data-id=\"323dd6b\" data-element_type=\"widget\" data-e-type=\"widget\" data-widget_type=\"heading.default\">\n\t\t\t\t\t<h2 class=\"elementor-heading-title elementor-size-default\">El Programa, tiene como objetivo general atender y ayudar a la poblaci\u00f3n en situaci\u00f3n de pobreza y vulnerabilidad, que presenten niveles de alto rezago social y marginaci\u00f3n y con bajos ingresos; implementando como acci\u00f3n Modelo Integral para el Desarrollo, nos enfocamos en evitar y mitigar la inseguridad alimentaria mediante la entrega semanal de paquetes balanceados de alimentos en condiciones dignas y la entrega de producto diferenciado o no alimenticio. Adem\u00e1s, canalizamos la participaci\u00f3n solidaria de la sociedad civil a trav\u00e9s de la labor voluntaria y el cuidado del medio ambiente al reducir las emisiones de gases de efecto invernadero y previniendo el desperdicio de alimentos.<br>\n\nDistribuimos alimentos y art\u00edculos comestibles a trav\u00e9s de despensas de alimentos y programas de comida que sirven a familias, ni\u00f1os, personas mayores y personas en riesgo de padecer hambre.\nFundaci\u00f3n KAMI tambi\u00e9n apoya programas que mejoran la seguridad alimentaria entre las comunidades y educa al p\u00fablico sobre el problema del hambre.<\/h2>\t\t\t\t<\/div>\n\t\t\t\t<div class=\"elementor-element elementor-element-b0391a1 elementor-widget elementor-widget-image\" data-id=\"b0391a1\" data-element_type=\"widget\" data-e-type=\"widget\" data-widget_type=\"image.default\">\n\t\t\t\t\t\t\t\t\t\t\t\t\t\t\t<img decoding=\"async\" src=\"https:\/\/fundacionkami.org\/wp-content\/uploads\/2021\/08\/spnsa.png\" title=\"spnsa\" alt=\"spnsa\" loading=\"lazy\" \/>\t\t\t\t\t\t\t\t\t\t\t\t\t\t\t<\/div>\n\t\t\t\t\t<\/div>\n\t\t<\/div>\n\t\t\t\t\t<\/div>\n\t\t<\/section>\n\t\t\t\t<section class=\"elementor-section elementor-top-section elementor-element elementor-element-e84426e elementor-section-boxed elementor-section-height-default elementor-section-height-default\" data-id=\"e84426e\" data-element_type=\"section\" data-e-type=\"section\">\n\t\t\t\t\t\t<div class=\"elementor-container elementor-column-gap-default\">\n\t\t\t\t\t<div class=\"elementor-column elementor-col-100 elementor-top-column elementor-element elementor-element-a5947d5\" data-id=\"a5947d5\" data-element_type=\"column\" data-e-type=\"column\">\n\t\t\t<div class=\"elementor-widget-wrap elementor-element-populated\">\n\t\t\t\t\t\t<div class=\"elementor-element elementor-element-2fb586c elementor-widget elementor-widget-heading\" data-id=\"2fb586c\" data-element_type=\"widget\" data-e-type=\"widget\" data-widget_type=\"heading.default\">\n\t\t\t\t\t<h2 class=\"elementor-heading-title elementor-size-default\">.<\/h2>\t\t\t\t<\/div>\n\t\t\t\t\t<\/div>\n\t\t<\/div>\n\t\t\t\t\t<\/div>\n\t\t<\/section>\n\t\t\t\t<section class=\"elementor-section elementor-top-section elementor-element elementor-element-8e7ab51 elementor-section-boxed elementor-section-height-default elementor-section-height-default\" data-id=\"8e7ab51\" data-element_type=\"section\" data-e-type=\"section\">\n\t\t\t\t\t\t<div class=\"elementor-container elementor-column-gap-default\">\n\t\t\t\t\t<div class=\"elementor-column elementor-col-100 elementor-top-column elementor-element elementor-element-389cc53\" data-id=\"389cc53\" data-element_type=\"column\" data-e-type=\"column\">\n\t\t\t<div class=\"elementor-widget-wrap elementor-element-populated\">\n\t\t\t\t\t\t<div class=\"elementor-element elementor-element-be99b41 elementor-widget elementor-widget-heading\" data-id=\"be99b41\" data-element_type=\"widget\" data-e-type=\"widget\" data-widget_type=\"heading.default\">\n\t\t\t\t\t<h2 class=\"elementor-heading-title elementor-size-default\">Refugio para mujeres que sufren de Violencia<\/h2>\t\t\t\t<\/div>\n\t\t\t\t<div class=\"elementor-element elementor-element-5d3f63b elementor-widget elementor-widget-heading\" data-id=\"5d3f63b\" data-element_type=\"widget\" data-e-type=\"widget\" data-widget_type=\"heading.default\">\n\t\t\t\t\t<h2 class=\"elementor-heading-title elementor-size-default\">Objetivo General<\/h2>\t\t\t\t<\/div>\n\t\t\t\t<div class=\"elementor-element elementor-element-c407dc4 elementor-widget elementor-widget-heading\" data-id=\"c407dc4\" data-element_type=\"widget\" data-e-type=\"widget\" data-widget_type=\"heading.default\">\n\t\t\t\t\t<h2 class=\"elementor-heading-title elementor-size-default\">Brindar proteccio\u0301n y atencio\u0301n integral y especializada, mediante Refugios especializados y Centros Externos de Atencio\u0301n, a mujeres vi\u0301ctimas de violencia de ge\u0301nero, y en su caso, sus Hijas e Hijos.<br>\n\nLas mujeres en situacio\u0301n de violencia, que requieran atencio\u0301n especializada y de un lugar seguro donde puedan resguardarse para proteger su integridad, su vida y la de sus hijas e hijos, pueden acceder a los servicios gratuitos, especializados y confidenciales que se brindan en los Refugios Especializados para Mujeres Vi\u0301ctimas de Violencia de Ge\u0301nero, as\u00ed como sus Hijas e Hijos previa valoracio\u0301n y\/o referenciacio\u0301n de sus Centros Externos de Atencio\u0301n.<br><\/h2>\t\t\t\t<\/div>\n\t\t\t\t<div class=\"elementor-element elementor-element-b66cb65 elementor-widget elementor-widget-image\" data-id=\"b66cb65\" data-element_type=\"widget\" data-e-type=\"widget\" data-widget_type=\"image.default\">\n\t\t\t\t\t\t\t\t\t\t\t\t\t\t\t<img fetchpriority=\"high\" decoding=\"async\" width=\"300\" height=\"190\" src=\"https:\/\/fundacionkami.org\/wp-content\/uploads\/2021\/08\/refugio-g-300x190.jpg\" class=\"attachment-medium size-medium wp-image-450\" alt=\"\" srcset=\"https:\/\/fundacionkami.org\/wp-content\/uploads\/2021\/08\/refugio-g-300x190.jpg 300w, https:\/\/fundacionkami.org\/wp-content\/uploads\/2021\/08\/refugio-g-600x380.jpg 600w, https:\/\/fundacionkami.org\/wp-content\/uploads\/2021\/08\/refugio-g-1024x649.jpg 1024w, https:\/\/fundacionkami.org\/wp-content\/uploads\/2021\/08\/refugio-g-768x486.jpg 768w, https:\/\/fundacionkami.org\/wp-content\/uploads\/2021\/08\/refugio-g.jpg 1200w\" sizes=\"(max-width: 300px) 100vw, 300px\" \/>\t\t\t\t\t\t\t\t\t\t\t\t\t\t\t<\/div>\n\t\t\t\t\t<\/div>\n\t\t<\/div>\n\t\t\t\t\t<\/div>\n\t\t<\/section>\n\t\t\t\t<\/div>\n\t\t","protected":false},"excerpt":{"rendered":"<p>Mejoramiento a la Vivienda Objetivo General El Programa, tiene como objetivo general atender y ayudar a la poblaci\u00f3n en situaci\u00f3n de pobreza y vulnerabilidad, que presenten niveles de alto rezago social y marginaci\u00f3n y con bajos ingresos; implementando como acci\u00f3n base de este programa, el suministro y colocaci\u00f3n de un calentador solar, tinaco, bomba hidroel\u00e9ctrica, [&hellip;]<\/p>\n","protected":false},"author":1,"featured_media":0,"parent":0,"menu_order":0,"comment_status":"closed","ping_status":"closed","template":"","meta":{"footnotes":""},"class_list":["post-421","page","type-page","status-publish","hentry"],"wpmagazine_modules_lite_featured_media_urls":{"thumbnail":"","cvmm-medium":"","cvmm-medium-plus":"","cvmm-portrait":"","cvmm-medium-square":"","cvmm-large":"","cvmm-small":"","full":""},"categories_names":null,"comments_number":"0","jetpack_sharing_enabled":true,"_links":{"self":[{"href":"https:\/\/fundacionkami.org\/index.php\/wp-json\/wp\/v2\/pages\/421","targetHints":{"allow":["GET"]}}],"collection":[{"href":"https:\/\/fundacionkami.org\/index.php\/wp-json\/wp\/v2\/pages"}],"about":[{"href":"https:\/\/fundacionkami.org\/index.php\/wp-json\/wp\/v2\/types\/page"}],"author":[{"embeddable":true,"href":"https:\/\/fundacionkami.org\/index.php\/wp-json\/wp\/v2\/users\/1"}],"replies":[{"embeddable":true,"href":"https:\/\/fundacionkami.org\/index.php\/wp-json\/wp\/v2\/comments?post=421"}],"version-history":[{"count":67,"href":"https:\/\/fundacionkami.org\/index.php\/wp-json\/wp\/v2\/pages\/421\/revisions"}],"predecessor-version":[{"id":1830,"href":"https:\/\/fundacionkami.org\/index.php\/wp-json\/wp\/v2\/pages\/421\/revisions\/1830"}],"wp:attachment":[{"href":"https:\/\/fundacionkami.org\/index.php\/wp-json\/wp\/v2\/media?parent=421"}],"curies":[{"name":"wp","href":"https:\/\/api.w.org\/{rel}","templated":true}]}}